{"id":702,"date":"2023-11-22T18:38:18","date_gmt":"2023-11-22T18:38:18","guid":{"rendered":"https:\/\/lonerosenkilde.dk\/?page_id=702"},"modified":"2023-12-28T20:43:56","modified_gmt":"2023-12-28T20:43:56","slug":"diabetes-kost","status":"publish","type":"page","link":"https:\/\/lonerosenkilde.dk\/index.php\/diabetes-kost\/","title":{"rendered":"diabetes"},"content":{"rendered":"\n\n\t<section class=\"section\" id=\"section_871743021\">\n\t\t<div class=\"section-bg fill\" >\n\t\t\t\t\t\t\t\t\t\n\t\t\t\n\n\t\t<\/div>\n\n\t\t\n\n\t\t<div class=\"section-content relative\">\n\t\t\t\n\n<div class=\"row row-small\"  id=\"row-263771691\">\n\n\n\t<div id=\"col-1385261357\" class=\"col small-12 large-12\"  >\n\t\t\t\t<div class=\"col-inner\"  >\n\t\t\t\n\t\t\t\n\n\t<div id=\"text-172289022\" class=\"text\">\n\t\t\n\n<h1>Diabetes<\/h1>\n\t\t\n<style>\n#text-172289022 {\n  font-size: 1.55rem;\n}\n<\/style>\n\t<\/div>\n\t\n<h2>\u00d8nsker du hj\u00e6lp til at f\u00e5 et godt liv med\u00a0diabetes?<\/h2>\n\n\t\t<\/div>\n\t\t\t\t\t<\/div>\n\n\t\n\n<\/div>\n\n\t\t<\/div>\n\n\t\t\n<style>\n#section_871743021 {\n  padding-top: 10px;\n  padding-bottom: 10px;\n}\n<\/style>\n\t<\/section>\n\t\n\n\t<section class=\"section\" id=\"section_1763210558\">\n\t\t<div class=\"section-bg fill\" >\n\t\t\t\t\t\t\t\t\t\n\t\t\t\n\n\t\t<\/div>\n\n\t\t\n\n\t\t<div class=\"section-content relative\">\n\t\t\t\n\n<div class=\"row\"  id=\"row-1857926999\">\n\n\n\t<div id=\"col-2015206807\" class=\"col small-12 large-12\"  >\n\t\t\t\t<div class=\"col-inner\"  >\n\t\t\t\n\t\t\t\n\n<p><span data-contrast=\"auto\">Kost og livsstil er grundstenene i behandlingen af type 2 diabetes. Der findes ikke \u00e9n bestemt m\u00e5de at spise p\u00e5, n\u00e5r man har diabetes, og der er derved mange forskellige m\u00e5der at spise sundt og l\u00e6kkert p\u00e5 i forbindelse med denne sygdom. Den tidligere anbefalede \u2018diabeteskost\u2019 er ikke l\u00e6ngere g\u00e6ldende, men ny forskning har vist, at der er visse tr\u00e6k i kosten, der kan lette reguleringen af blodsukkeret. <\/span><span data-ccp-props=\"{&quot;201341983&quot;:0,&quot;335559739&quot;:160,&quot;335559740&quot;:259}\">\u00a0<\/span><\/p>\n<p><strong>Det handler om balance\u00a0<\/strong><\/p>\n<p><span data-contrast=\"auto\">Mange tror at hvidt br\u00f8d, pasta, kage og slik er bandlyst, n\u00e5r man har diabetes. Men s\u00e5dan beh\u00f8ver det ikke at v\u00e6re, for der er som s\u00e5dan ikke nogen f\u00f8devarer, der er forbudte. Behandlingen af type 2 diabetes fokuserer p\u00e5 m\u00e6ngden af mad og hyppigheden af indtagelsen eller en justering af forholdet mellem m\u00e6ngden af mad og fysisk aktivitet. Det handler om at finde den balance, der virker for dig og dit blodsukker.<\/span><\/p>\n<p><span data-contrast=\"auto\">Som klinisk di\u00e6tist giver jeg dig, foruden bred viden inden for omr\u00e5det, inspiration, tips og tricks, s\u00e5 vi sammen kan finde en vej, der passer dig. <\/span><span data-ccp-props=\"{&quot;201341983&quot;:0,&quot;335559739&quot;:160,&quot;335559740&quot;:259}\">\u00a0<\/span><\/p>\n<p><span data-contrast=\"auto\">Er du interesseret i at vide mere om hvad den rette vejledning kan g\u00f8re for dig? T\u00f8v ikke med at kontakte mig for en uforpligtende snak.<\/span><\/p>\n<a href=\"https:\/\/lonerosenkilde.dk\/index.php\/kontakt\/\" class=\"button secondary\" >\n\t\t<span>KONTAKT MIG<\/span>\n\t<\/a>\n\n\n\n\t\t<\/div>\n\t\t\t\t\t<\/div>\n\n\t\n\n<\/div>\n\n\t\t<\/div>\n\n\t\t\n<style>\n#section_1763210558 {\n  padding-top: 30px;\n  padding-bottom: 30px;\n}\n<\/style>\n\t<\/section>\n\t\n\n\t<section class=\"section\" id=\"section_579265242\">\n\t\t<div class=\"section-bg fill\" >\n\t\t\t\t\t\t\t\t\t\n\t\t\t\n\n\t\t<\/div>\n\n\t\t\n\n\t\t<div class=\"section-content relative\">\n\t\t\t\n\n<div class=\"row row-large align-middle\"  id=\"row-195675952\">\n\n\n\t<div id=\"col-2001014068\" class=\"col medium-6 small-12 large-6\"  >\n\t\t\t\t<div class=\"col-inner text-left\"  >\n\t\t\t\n\t\t\t\n\n<h2>Gode kostr\u00e5d ved diabetes<\/h2>\n<ul>\n<li>Spis planterigt, varieret og ikke for meget.<\/li>\n<li>Spis flere gr\u00f8ntsager og v\u00e6lg gerne k\u00e5l.<\/li>\n<li>Spis mindre k\u00f8d \u2013 v\u00e6lg b\u00e6lgfrugter og fisk.<\/li>\n<li>Spis mad med fuldkorn.<\/li>\n<li>V\u00e6lg planteolier og magre mejeriprodukter.<\/li>\n<li>Spis mindre af det s\u00f8de, salte og fede.<\/li>\n<li>Sluk t\u00f8rsten i vand.<\/li>\n<\/ul>\n\n\t\t<\/div>\n\t\t\t\t\t<\/div>\n\n\t\n\n\t<div id=\"col-1877057339\" class=\"col medium-6 small-12 large-6\"  >\n\t\t\t\t<div class=\"col-inner\"  >\n\t\t\t\n\t\t\t\n\n<p><strong>Husk daglig bev\u00e6gelse<\/strong><\/p>\n<p>Fysisk aktivitet p\u00e5virker b\u00e5de dit almene velbefindende og dit blodsukker, blodtryk og kolesterol i en positiv retning. Samtidig s\u00e6nker du din risiko for hjertekarsygdomme. Hvis du vil tabe dig eller fastholde et v\u00e6gttab, er fysisk aktivitet ogs\u00e5 vigtigt.<\/p>\n<p><strong>V\u00e6gttab<\/strong><\/p>\n<p>Hvis du er overv\u00e6gtig, kan selv et lille v\u00e6gttab forbedre din blodsukkerregulering og blodtryk og kolesteroltal. Drop slankekure og v\u00e6lg sundere hverdagsvaner i stedet for.<\/p>\n\n\t\t<\/div>\n\t\t\t\t\t<\/div>\n\n\t\n\n<\/div>\n\n\t\t<\/div>\n\n\t\t\n<style>\n#section_579265242 {\n  padding-top: 60px;\n  padding-bottom: 60px;\n  background-color: rgb(238, 233, 233);\n}\n<\/style>\n\t<\/section>\n\t\n\n\t<section class=\"section\" id=\"section_1894337873\">\n\t\t<div class=\"section-bg fill\" >\n\t\t\t<img loading=\"lazy\" decoding=\"async\" width=\"2048\" height=\"890\" src=\"https:\/\/lonerosenkilde.dk\/wp-content\/uploads\/2023\/12\/PCO.webp\" class=\"bg attachment-original size-original\" alt=\"Lone Rosenkilde di\u00e6tist pco pcos\" \/>\t\t\t\t\t\t\n\t\t\t\n\t<div class=\"is-border\"\n\t\tstyle=\"border-color:rgb(235, 235, 235);border-width:1px 0px 0px 0px;\">\n\t<\/div>\n\n\t\t<\/div>\n\n\t\t\n\t<div class=\"ux-shape-divider ux-shape-divider--bottom ux-shape-divider--style-curve-opacity\">\n\t\t<svg viewBox=\"0 0 1000 100\" xmlns=\"http:\/\/www.w3.org\/2000\/svg\" preserveAspectRatio=\"none\">\n\t\t<path class=\"ux-shape-fill\" opacity=\"0.15\" d=\"M0 14C0 14 88.64 17.48 300 50C560 90 814 77 1003 40L1015 68L1018 104H0V14Z\"\/>\n\t\t<path class=\"ux-shape-fill\" opacity=\"0.3\" d=\"M0 45C0 45 271 90.13 500 77C657 68 830 30 1015 14V100H0V45Z\"\/>\n\t\t<path class=\"ux-shape-fill\" d=\"M0 58C0 58 188.29 90 508 90C798 90 1002 55 1002 55V100H0V58Z\"\/>\n<\/svg>\n\t<\/div>\n\n\t\t<div class=\"section-content relative\">\n\t\t\t\n\n\n\t\t<\/div>\n\n\t\t\n<style>\n#section_1894337873 {\n  padding-top: 60px;\n  padding-bottom: 60px;\n  min-height: 800px;\n  background-color: rgb(245, 245, 245);\n}\n#section_1894337873 .ux-shape-divider--bottom svg {\n  height: 150px;\n  --divider-width: 200%;\n}\n#section_1894337873 .ux-shape-divider--bottom .ux-shape-fill {\n  fill: #d2abab;\n}\n<\/style>\n\t<\/section>\n\t\n\n\t<section class=\"section\" id=\"section_956307026\">\n\t\t<div class=\"section-bg fill\" >\n\t\t\t\t\t\t\t\t\t\n\t\t\t\n\n\t\t<\/div>\n\n\t\t\n\n\t\t<div class=\"section-content relative\">\n\t\t\t\n\n\t<div id=\"gap-888253806\" class=\"gap-element clearfix\" style=\"display:block; height:auto;\">\n\t\t\n<style>\n#gap-888253806 {\n  padding-top: 60px;\n}\n<\/style>\n\t<\/div>\n\t\n\n<div class=\"message-box relative dark\" style=\"padding-top:15px;padding-bottom:15px;\"><div class=\"message-box-bg-image bg-fill fill\" ><\/div><div class=\"message-box-bg-overlay bg-fill fill\" style=\"background-color:rgb(210, 171, 171);\"><\/div><div class=\"container relative\"><div class=\"inner last-reset\">\n\n<div class=\"row align-center\"  id=\"row-1826714749\">\n\n\n\t<div id=\"col-2108626448\" class=\"col medium-8 small-12 large-8\"  >\n\t\t\t\t<div class=\"col-inner\"  >\n\t\t\t\n\t\t\t\n\n<p>Har du sp\u00f8rgsm\u00e5l, s\u00e5 send mig gerne en mail, eller ring og f\u00e5 en uforpligtende snak om, hvordan jeg kan hj\u00e6lpe dig.\u00a0<\/p>\n<p>\u00a0<\/p>\n\n\t\t<\/div>\n\t\t\t\t\t<\/div>\n\n\t\n\n\t<div id=\"col-797277891\" class=\"col medium-4 small-12 large-4\"  >\n\t\t\t\t<div class=\"col-inner text-center\"  >\n\t\t\t\n\t\t\t\n\n<a href=\"https:\/\/lonerosenkilde.dk\/index.php\/kontakt\/\" class=\"button secondary\" >\n\t\t<span>KONTAKT MIG<\/span>\n\t<\/a>\n\n\n\n\t\t<\/div>\n\t\t\t\t\t<\/div>\n\n\t\n\n<\/div>\n\n<\/div><\/div><\/div>\n\n\t\t<\/div>\n\n\t\t\n<style>\n#section_956307026 {\n  padding-top: 0px;\n  padding-bottom: 0px;\n  background-color: rgb(210, 171, 171);\n}\n<\/style>\n\t<\/section>\n\t\n\n","protected":false},"excerpt":{"rendered":"","protected":false},"author":1,"featured_media":0,"parent":0,"menu_order":0,"comment_status":"closed","ping_status":"closed","template":"","meta":{"inline_featured_image":false,"wprm-recipe-roundup-name":"","wprm-recipe-roundup-description":"","wpupg_custom_link":[],"wpupg_custom_link_behaviour":[],"wpupg_custom_link_nofollow":[],"wpupg_custom_image":[],"wpupg_custom_image_id":[],"footnotes":""},"class_list":["post-702","page","type-page","status-publish","hentry"],"yoast_head":"<!-- This site is optimized with the Yoast SEO plugin v27.5 - https:\/\/yoast.com\/product\/yoast-seo-wordpress\/ -->\n<title>Diabetes | Di\u00e6tist og coach | Lone Rosenkilde<\/title>\n<meta name=\"description\" content=\"Kost og livsstil er grundstenene i behandlingen af type 2 diabetes. Jeg hj\u00e6lper dig med at opn\u00e5 den rette balance for dig og dit blodsukker.\" \/>\n<meta name=\"robots\" content=\"index, follow, max-snippet:-1, max-image-preview:large, max-video-preview:-1\" \/>\n<link rel=\"canonical\" href=\"https:\/\/lonerosenkilde.dk\/index.php\/diabetes-kost\/\" \/>\n<meta property=\"og:locale\" content=\"da_DK\" \/>\n<meta property=\"og:type\" content=\"article\" \/>\n<meta property=\"og:title\" content=\"Diabetes | Di\u00e6tist og coach | Lone Rosenkilde\" \/>\n<meta property=\"og:description\" content=\"Kost og livsstil er grundstenene i behandlingen af type 2 diabetes. Jeg hj\u00e6lper dig med at opn\u00e5 den rette balance for dig og dit blodsukker.\" \/>\n<meta property=\"og:url\" content=\"https:\/\/lonerosenkilde.dk\/index.php\/diabetes-kost\/\" \/>\n<meta property=\"og:site_name\" content=\"Di\u00e6tist Lone Rosenkilde\" \/>\n<meta property=\"article:publisher\" content=\"https:\/\/www.facebook.com\/dietitianlonerosenkilde\" \/>\n<meta property=\"article:modified_time\" content=\"2023-12-28T20:43:56+00:00\" \/>\n<meta name=\"twitter:card\" content=\"summary_large_image\" \/>\n<meta name=\"twitter:label1\" content=\"Estimeret l\u00e6setid\" \/>\n\t<meta name=\"twitter:data1\" content=\"3 minutter\" \/>\n<script type=\"application\/ld+json\" class=\"yoast-schema-graph\">{\"@context\":\"https:\\\/\\\/schema.org\",\"@graph\":[{\"@type\":\"WebPage\",\"@id\":\"https:\\\/\\\/lonerosenkilde.dk\\\/index.php\\\/diabetes-kost\\\/\",\"url\":\"https:\\\/\\\/lonerosenkilde.dk\\\/index.php\\\/diabetes-kost\\\/\",\"name\":\"Diabetes | Di\u00e6tist og coach | Lone Rosenkilde\",\"isPartOf\":{\"@id\":\"https:\\\/\\\/diaetist.lonerosenkilde.dk\\\/#website\"},\"datePublished\":\"2023-11-22T18:38:18+00:00\",\"dateModified\":\"2023-12-28T20:43:56+00:00\",\"description\":\"Kost og livsstil er grundstenene i behandlingen af type 2 diabetes. Jeg hj\u00e6lper dig med at opn\u00e5 den rette balance for dig og dit blodsukker.\",\"breadcrumb\":{\"@id\":\"https:\\\/\\\/lonerosenkilde.dk\\\/index.php\\\/diabetes-kost\\\/#breadcrumb\"},\"inLanguage\":\"da-DK\",\"potentialAction\":[{\"@type\":\"ReadAction\",\"target\":[\"https:\\\/\\\/lonerosenkilde.dk\\\/index.php\\\/diabetes-kost\\\/\"]}]},{\"@type\":\"BreadcrumbList\",\"@id\":\"https:\\\/\\\/lonerosenkilde.dk\\\/index.php\\\/diabetes-kost\\\/#breadcrumb\",\"itemListElement\":[{\"@type\":\"ListItem\",\"position\":1,\"name\":\"Hjem\",\"item\":\"https:\\\/\\\/lonerosenkilde.dk\\\/\"},{\"@type\":\"ListItem\",\"position\":2,\"name\":\"diabetes\"}]},{\"@type\":\"WebSite\",\"@id\":\"https:\\\/\\\/diaetist.lonerosenkilde.dk\\\/#website\",\"url\":\"https:\\\/\\\/diaetist.lonerosenkilde.dk\\\/\",\"name\":\"Di\u00e6tist Lone Rosenkilde\",\"description\":\"Di\u00e6tist | V\u00e6gttab | Irritabel tyktarm | Lone Rosenkilde\",\"publisher\":{\"@id\":\"https:\\\/\\\/diaetist.lonerosenkilde.dk\\\/#\\\/schema\\\/person\\\/50df3d49c56702095c4e82ed0b81a6ff\"},\"alternateName\":\"Aalborg Di\u00e6tisten\",\"potentialAction\":[{\"@type\":\"SearchAction\",\"target\":{\"@type\":\"EntryPoint\",\"urlTemplate\":\"https:\\\/\\\/diaetist.lonerosenkilde.dk\\\/?s={search_term_string}\"},\"query-input\":{\"@type\":\"PropertyValueSpecification\",\"valueRequired\":true,\"valueName\":\"search_term_string\"}}],\"inLanguage\":\"da-DK\"},{\"@type\":[\"Person\",\"Organization\"],\"@id\":\"https:\\\/\\\/diaetist.lonerosenkilde.dk\\\/#\\\/schema\\\/person\\\/50df3d49c56702095c4e82ed0b81a6ff\",\"name\":\"Lone Rosenkilde\",\"image\":{\"@type\":\"ImageObject\",\"inLanguage\":\"da-DK\",\"@id\":\"https:\\\/\\\/lonerosenkilde.dk\\\/wp-content\\\/uploads\\\/2023\\\/12\\\/LR1oG.webp\",\"url\":\"https:\\\/\\\/lonerosenkilde.dk\\\/wp-content\\\/uploads\\\/2023\\\/12\\\/LR1oG.webp\",\"contentUrl\":\"https:\\\/\\\/lonerosenkilde.dk\\\/wp-content\\\/uploads\\\/2023\\\/12\\\/LR1oG.webp\",\"width\":944,\"height\":937,\"caption\":\"Lone Rosenkilde\"},\"logo\":{\"@id\":\"https:\\\/\\\/lonerosenkilde.dk\\\/wp-content\\\/uploads\\\/2023\\\/12\\\/LR1oG.webp\"},\"sameAs\":[\"http:\\\/\\\/lonerosenkilde.dk\",\"https:\\\/\\\/www.facebook.com\\\/dietitianlonerosenkilde\",\"https:\\\/\\\/www.instagram.com\\\/aalborgdiaetisten\\\/\",\"https:\\\/\\\/www.linkedin.com\\\/company\\\/lone-rosenkilde\\\/\",\"https:\\\/\\\/www.youtube.com\\\/@aalborgdiaetisten\"]}]}<\/script>\n<!-- \/ Yoast SEO plugin. -->","yoast_head_json":{"title":"Diabetes | Di\u00e6tist og coach | Lone Rosenkilde","description":"Kost og livsstil er grundstenene i behandlingen af type 2 diabetes. Jeg hj\u00e6lper dig med at opn\u00e5 den rette balance for dig og dit blodsukker.","robots":{"index":"index","follow":"follow","max-snippet":"max-snippet:-1","max-image-preview":"max-image-preview:large","max-video-preview":"max-video-preview:-1"},"canonical":"https:\/\/lonerosenkilde.dk\/index.php\/diabetes-kost\/","og_locale":"da_DK","og_type":"article","og_title":"Diabetes | Di\u00e6tist og coach | Lone Rosenkilde","og_description":"Kost og livsstil er grundstenene i behandlingen af type 2 diabetes. Jeg hj\u00e6lper dig med at opn\u00e5 den rette balance for dig og dit blodsukker.","og_url":"https:\/\/lonerosenkilde.dk\/index.php\/diabetes-kost\/","og_site_name":"Di\u00e6tist Lone Rosenkilde","article_publisher":"https:\/\/www.facebook.com\/dietitianlonerosenkilde","article_modified_time":"2023-12-28T20:43:56+00:00","twitter_card":"summary_large_image","twitter_misc":{"Estimeret l\u00e6setid":"3 minutter"},"schema":{"@context":"https:\/\/schema.org","@graph":[{"@type":"WebPage","@id":"https:\/\/lonerosenkilde.dk\/index.php\/diabetes-kost\/","url":"https:\/\/lonerosenkilde.dk\/index.php\/diabetes-kost\/","name":"Diabetes | Di\u00e6tist og coach | Lone Rosenkilde","isPartOf":{"@id":"https:\/\/diaetist.lonerosenkilde.dk\/#website"},"datePublished":"2023-11-22T18:38:18+00:00","dateModified":"2023-12-28T20:43:56+00:00","description":"Kost og livsstil er grundstenene i behandlingen af type 2 diabetes. Jeg hj\u00e6lper dig med at opn\u00e5 den rette balance for dig og dit blodsukker.","breadcrumb":{"@id":"https:\/\/lonerosenkilde.dk\/index.php\/diabetes-kost\/#breadcrumb"},"inLanguage":"da-DK","potentialAction":[{"@type":"ReadAction","target":["https:\/\/lonerosenkilde.dk\/index.php\/diabetes-kost\/"]}]},{"@type":"BreadcrumbList","@id":"https:\/\/lonerosenkilde.dk\/index.php\/diabetes-kost\/#breadcrumb","itemListElement":[{"@type":"ListItem","position":1,"name":"Hjem","item":"https:\/\/lonerosenkilde.dk\/"},{"@type":"ListItem","position":2,"name":"diabetes"}]},{"@type":"WebSite","@id":"https:\/\/diaetist.lonerosenkilde.dk\/#website","url":"https:\/\/diaetist.lonerosenkilde.dk\/","name":"Di\u00e6tist Lone Rosenkilde","description":"Di\u00e6tist | V\u00e6gttab | Irritabel tyktarm | Lone Rosenkilde","publisher":{"@id":"https:\/\/diaetist.lonerosenkilde.dk\/#\/schema\/person\/50df3d49c56702095c4e82ed0b81a6ff"},"alternateName":"Aalborg Di\u00e6tisten","potentialAction":[{"@type":"SearchAction","target":{"@type":"EntryPoint","urlTemplate":"https:\/\/diaetist.lonerosenkilde.dk\/?s={search_term_string}"},"query-input":{"@type":"PropertyValueSpecification","valueRequired":true,"valueName":"search_term_string"}}],"inLanguage":"da-DK"},{"@type":["Person","Organization"],"@id":"https:\/\/diaetist.lonerosenkilde.dk\/#\/schema\/person\/50df3d49c56702095c4e82ed0b81a6ff","name":"Lone Rosenkilde","image":{"@type":"ImageObject","inLanguage":"da-DK","@id":"https:\/\/lonerosenkilde.dk\/wp-content\/uploads\/2023\/12\/LR1oG.webp","url":"https:\/\/lonerosenkilde.dk\/wp-content\/uploads\/2023\/12\/LR1oG.webp","contentUrl":"https:\/\/lonerosenkilde.dk\/wp-content\/uploads\/2023\/12\/LR1oG.webp","width":944,"height":937,"caption":"Lone Rosenkilde"},"logo":{"@id":"https:\/\/lonerosenkilde.dk\/wp-content\/uploads\/2023\/12\/LR1oG.webp"},"sameAs":["http:\/\/lonerosenkilde.dk","https:\/\/www.facebook.com\/dietitianlonerosenkilde","https:\/\/www.instagram.com\/aalborgdiaetisten\/","https:\/\/www.linkedin.com\/company\/lone-rosenkilde\/","https:\/\/www.youtube.com\/@aalborgdiaetisten"]}]}},"_links":{"self":[{"href":"https:\/\/lonerosenkilde.dk\/index.php\/wp-json\/wp\/v2\/pages\/702","targetHints":{"allow":["GET"]}}],"collection":[{"href":"https:\/\/lonerosenkilde.dk\/index.php\/wp-json\/wp\/v2\/pages"}],"about":[{"href":"https:\/\/lonerosenkilde.dk\/index.php\/wp-json\/wp\/v2\/types\/page"}],"author":[{"embeddable":true,"href":"https:\/\/lonerosenkilde.dk\/index.php\/wp-json\/wp\/v2\/users\/1"}],"replies":[{"embeddable":true,"href":"https:\/\/lonerosenkilde.dk\/index.php\/wp-json\/wp\/v2\/comments?post=702"}],"version-history":[{"count":27,"href":"https:\/\/lonerosenkilde.dk\/index.php\/wp-json\/wp\/v2\/pages\/702\/revisions"}],"predecessor-version":[{"id":1997,"href":"https:\/\/lonerosenkilde.dk\/index.php\/wp-json\/wp\/v2\/pages\/702\/revisions\/1997"}],"wp:attachment":[{"href":"https:\/\/lonerosenkilde.dk\/index.php\/wp-json\/wp\/v2\/media?parent=702"}],"curies":[{"name":"wp","href":"https:\/\/api.w.org\/{rel}","templated":true}]}}